{"id":1819,"date":"2024-06-03T12:23:24","date_gmt":"2024-06-03T10:23:24","guid":{"rendered":"https:\/\/www.bergknappenmusik.at\/wp\/?page_id=1819"},"modified":"2026-03-23T13:56:04","modified_gmt":"2026-03-23T11:56:04","slug":"kontakt","status":"publish","type":"page","link":"http:\/\/www.bergknappenmusik.at\/wp\/kontakt\/","title":{"rendered":"Kontakt"},"content":{"rendered":"\n<p>Christoph Lienbacher (Obmann) | Markus H\u00f6llbacher (Stellvertretender Obmann)<\/p>\n\n\n\n<p>Antonio Braz\u00e1lez (Kapellmeister)<\/p>\n\n\n\n<h5 class=\"wp-block-heading\">Impressum<\/h5>\n\n\n\n<p>Bergknappenmusikkapelle Bad D\u00fcrrnberg<\/p>\n\n\n\n<p>Lettenb\u00fchel 5<\/p>\n\n\n\n<p>5422 Bad D\u00fcrrnberg | \u00d6sterreich<\/p>\n\n\n\n<p><strong>Tel.:<\/strong> +43 (0)6245 \/ 84555<\/p>\n\n\n\n<p><strong>E-Mail<\/strong>: salinenmusik.duerrnberg@aon.at&nbsp;<\/p>\n","protected":false},"excerpt":{"rendered":"<p>Christoph Lienbacher (Obmann) | Markus H\u00f6llbacher (Stellvertretender Obmann) Antonio Braz\u00e1lez (Kapellmeister) Impressum Bergknappenmusikkapelle Bad D\u00fcrrnberg Lettenb\u00fchel 5 5422 Bad D\u00fcrrnberg | \u00d6sterreich Tel.: +43 (0)6245 \/ 84555 E-Mail: salinenmusik.duerrnberg@aon.at&nbsp;<\/p>\n","protected":false},"author":1,"featured_media":0,"parent":0,"menu_order":10,"comment_status":"closed","ping_status":"closed","template":"","meta":{"footnotes":""},"class_list":["post-1819","page","type-page","status-publish","hentry"],"blocksy_meta":[],"_links":{"self":[{"href":"http:\/\/www.bergknappenmusik.at\/wp\/wp-json\/wp\/v2\/pages\/1819","targetHints":{"allow":["GET"]}}],"collection":[{"href":"http:\/\/www.bergknappenmusik.at\/wp\/wp-json\/wp\/v2\/pages"}],"about":[{"href":"http:\/\/www.bergknappenmusik.at\/wp\/wp-json\/wp\/v2\/types\/page"}],"author":[{"embeddable":true,"href":"http:\/\/www.bergknappenmusik.at\/wp\/wp-json\/wp\/v2\/users\/1"}],"replies":[{"embeddable":true,"href":"http:\/\/www.bergknappenmusik.at\/wp\/wp-json\/wp\/v2\/comments?post=1819"}],"version-history":[{"count":11,"href":"http:\/\/www.bergknappenmusik.at\/wp\/wp-json\/wp\/v2\/pages\/1819\/revisions"}],"predecessor-version":[{"id":2133,"href":"http:\/\/www.bergknappenmusik.at\/wp\/wp-json\/wp\/v2\/pages\/1819\/revisions\/2133"}],"wp:attachment":[{"href":"http:\/\/www.bergknappenmusik.at\/wp\/wp-json\/wp\/v2\/media?parent=1819"}],"curies":[{"name":"wp","href":"https:\/\/api.w.org\/{rel}","templated":true}]}}